{"id":5223,"date":"2024-11-26T13:45:46","date_gmt":"2024-11-26T13:45:46","guid":{"rendered":"https:\/\/exmc.pt\/clients\/"},"modified":"2025-04-23T21:20:29","modified_gmt":"2025-04-23T21:20:29","slug":"clients","status":"publish","type":"page","link":"https:\/\/exmc.pt\/en\/clients\/","title":{"rendered":"clients"},"content":{"rendered":"\t\t<div data-elementor-type=\"wp-page\" data-elementor-id=\"5223\" class=\"elementor elementor-5223 elementor-2541\" data-elementor-post-type=\"page\">\n\t\t\t\t<div class=\"elementor-element elementor-element-b779504 e-flex e-con-boxed e-con e-parent\" data-id=\"b779504\" data-element_type=\"container\" data-settings=\"{&quot;background_background&quot;:&quot;classic&quot;}\">\n\t\t\t\t\t<div class=\"e-con-inner\">\n\t\t\t\t<div class=\"elementor-element elementor-element-3686fb1 elementor-widget elementor-widget-heading\" data-id=\"3686fb1\" data-element_type=\"widget\" data-widget_type=\"heading.default\">\n\t\t\t\t<div class=\"elementor-widget-container\">\n\t\t\t\t\t<h2 class=\"elementor-heading-title elementor-size-default\">OUR CLIENTS<\/h2>\t\t\t\t<\/div>\n\t\t\t\t<\/div>\n\t\t\t\t\t<\/div>\n\t\t\t\t<\/div>\n\t\t<div class=\"elementor-element elementor-element-670acd0 e-flex e-con-boxed e-con e-parent\" data-id=\"670acd0\" data-element_type=\"container\">\n\t\t\t\t\t<div class=\"e-con-inner\">\n\t\t<div class=\"elementor-element elementor-element-cad2bef e-con-full e-flex e-con e-child\" data-id=\"cad2bef\" data-element_type=\"container\">\n\t\t\t\t<\/div>\n\t\t<div class=\"elementor-element elementor-element-9605d67 e-con-full e-flex e-con e-child\" data-id=\"9605d67\" data-element_type=\"container\" data-settings=\"{&quot;background_background&quot;:&quot;classic&quot;}\">\n\t\t\t\t<div class=\"elementor-element elementor-element-d4b9691 elementor-widget elementor-widget-heading\" data-id=\"d4b9691\" data-element_type=\"widget\" data-widget_type=\"heading.default\">\n\t\t\t\t<div class=\"elementor-widget-container\">\n\t\t\t\t\t<h2 class=\"elementor-heading-title elementor-size-default\">RELATIONSHIPS OF TRUST BASED ON\nLISTENING, ADAPTABILITY AND EFFICIENCY<\/h2>\t\t\t\t<\/div>\n\t\t\t\t<\/div>\n\t\t\t\t<\/div>\n\t\t\t\t\t<\/div>\n\t\t\t\t<\/div>\n\t\t<div class=\"elementor-element elementor-element-e24946f e-flex e-con-boxed e-con e-parent\" data-id=\"e24946f\" data-element_type=\"container\">\n\t\t\t\t\t<div class=\"e-con-inner\">\n\t\t<div class=\"elementor-element elementor-element-29b098a e-con-full e-flex e-con e-child\" data-id=\"29b098a\" data-element_type=\"container\">\n\t\t<div class=\"elementor-element elementor-element-c9adf20 e-con-full e-flex elementor-invisible e-con e-child\" data-id=\"c9adf20\" data-element_type=\"container\" data-settings=\"{&quot;animation&quot;:&quot;fadeInRight&quot;}\">\n\t\t\t\t<div class=\"elementor-element elementor-element-555ffd6 elementor-widget__width-initial elementor-widget elementor-widget-text-editor\" data-id=\"555ffd6\" data-element_type=\"widget\" data-widget_type=\"text-editor.default\">\n\t\t\t\t<div class=\"elementor-widget-container\">\n\t\t\t\t\t\t\t\t\t<p class=\"cvGsUA direction-ltr align-start para-style-body\"> <\/p><p><span style=\"font-weight: 400;\">Trusting relationships based on attentiveness, adaptability and efficiency at EXMC, our mission is to support our customers in their digital transformations by providing them with the technical and human skills they need to make their projects a success.<\/span><\/p><p><span style=\"font-weight: 400;\">Our teams, made up of committed and passionate experts, work hand in hand with our customers to build tailor-made, long-term solutions.<\/span><\/p><p><span style=\"font-weight: 400;\">Thanks to our collaborative approach and proven know-how, we build trusting relationships based on attentiveness, adaptability and efficiency.<br><\/span><\/p>\t\t\t\t\t\t\t\t<\/div>\n\t\t\t\t<\/div>\n\t\t<div class=\"elementor-element elementor-element-adc0106 e-con-full e-flex e-con e-child\" data-id=\"adc0106\" data-element_type=\"container\" data-settings=\"{&quot;background_background&quot;:&quot;classic&quot;}\">\n\t\t\t\t<\/div>\n\t\t\t\t<\/div>\n\t\t<div class=\"elementor-element elementor-element-8a40bee e-con-full e-flex elementor-invisible e-con e-child\" data-id=\"8a40bee\" data-element_type=\"container\" data-settings=\"{&quot;animation&quot;:&quot;fadeInLeft&quot;}\">\n\t\t<div class=\"elementor-element elementor-element-ad31cd1 e-con-full e-transform e-flex e-con e-child\" data-id=\"ad31cd1\" data-element_type=\"container\" data-settings=\"{&quot;background_background&quot;:&quot;classic&quot;,&quot;_transform_translateX_effect&quot;:{&quot;unit&quot;:&quot;%&quot;,&quot;size&quot;:&quot;&quot;,&quot;sizes&quot;:[]},&quot;_transform_translateX_effect_tablet&quot;:{&quot;unit&quot;:&quot;%&quot;,&quot;size&quot;:&quot;&quot;,&quot;sizes&quot;:[]},&quot;_transform_translateX_effect_mobile&quot;:{&quot;unit&quot;:&quot;%&quot;,&quot;size&quot;:&quot;&quot;,&quot;sizes&quot;:[]},&quot;_transform_translateY_effect&quot;:{&quot;unit&quot;:&quot;%&quot;,&quot;size&quot;:38,&quot;sizes&quot;:[]},&quot;_transform_translateY_effect_tablet&quot;:{&quot;unit&quot;:&quot;%&quot;,&quot;size&quot;:&quot;&quot;,&quot;sizes&quot;:[]},&quot;_transform_translateY_effect_mobile&quot;:{&quot;unit&quot;:&quot;%&quot;,&quot;size&quot;:&quot;&quot;,&quot;sizes&quot;:[]}}\">\n\t\t\t\t<\/div>\n\t\t\t\t<div class=\"elementor-element elementor-element-5f601ef elementor-widget elementor-widget-image\" data-id=\"5f601ef\" data-element_type=\"widget\" data-widget_type=\"image.default\">\n\t\t\t\t<div class=\"elementor-widget-container\">\n\t\t\t\t\t\t\t\t\t\t\t\t\t\t\t<img fetchpriority=\"high\" decoding=\"async\" width=\"1920\" height=\"1080\" src=\"https:\/\/exmc.pt\/wp-content\/uploads\/2025\/02\/photos-exmc-portugal_2-3.png\" class=\"attachment-full size-full wp-image-6575\" alt=\"\" srcset=\"https:\/\/exmc.pt\/wp-content\/uploads\/2025\/02\/photos-exmc-portugal_2-3.png 1920w, https:\/\/exmc.pt\/wp-content\/uploads\/2025\/02\/photos-exmc-portugal_2-3-300x169.png 300w, https:\/\/exmc.pt\/wp-content\/uploads\/2025\/02\/photos-exmc-portugal_2-3-1024x576.png 1024w, https:\/\/exmc.pt\/wp-content\/uploads\/2025\/02\/photos-exmc-portugal_2-3-768x432.png 768w, https:\/\/exmc.pt\/wp-content\/uploads\/2025\/02\/photos-exmc-portugal_2-3-1536x864.png 1536w\" sizes=\"(max-width: 1920px) 100vw, 1920px\" \/>\t\t\t\t\t\t\t\t\t\t\t\t\t\t\t<\/div>\n\t\t\t\t<\/div>\n\t\t\t\t<\/div>\n\t\t\t\t<\/div>\n\t\t\t\t\t<\/div>\n\t\t\t\t<\/div>\n\t\t<div class=\"elementor-element elementor-element-886e2a0 e-flex e-con-boxed e-con e-parent\" data-id=\"886e2a0\" data-element_type=\"container\">\n\t\t\t\t\t<div class=\"e-con-inner\">\n\t\t<div class=\"elementor-element elementor-element-d952ef2 e-con-full e-flex e-con e-child\" data-id=\"d952ef2\" data-element_type=\"container\">\n\t\t<div class=\"elementor-element elementor-element-3b308ed e-con-full e-flex e-con e-child\" data-id=\"3b308ed\" data-element_type=\"container\">\n\t\t<div class=\"elementor-element elementor-element-f212562 e-con-full e-flex e-con e-child\" data-id=\"f212562\" data-element_type=\"container\" data-settings=\"{&quot;background_background&quot;:&quot;classic&quot;}\">\n\t\t\t\t<\/div>\n\t\t\t\t<\/div>\n\t\t\t\t<div class=\"elementor-element elementor-element-7b48056 elementor-widget elementor-widget-heading\" data-id=\"7b48056\" data-element_type=\"widget\" data-widget_type=\"heading.default\">\n\t\t\t\t<div class=\"elementor-widget-container\">\n\t\t\t\t\t<h2 class=\"elementor-heading-title elementor-size-default\">Our expertise<br> <\/h2>\t\t\t\t<\/div>\n\t\t\t\t<\/div>\n\t\t\t\t<\/div>\n\t\t\t\t\t<\/div>\n\t\t\t\t<\/div>\n\t\t<div class=\"elementor-element elementor-element-169b48b elementor-hidden-desktop e-flex e-con-boxed e-con e-parent\" data-id=\"169b48b\" data-element_type=\"container\" data-settings=\"{&quot;background_background&quot;:&quot;video&quot;}\">\n\t\t\t\t\t<div class=\"e-con-inner\">\n\t\t<div class=\"elementor-element elementor-element-0b9f592 e-con-full e-flex e-con e-child\" data-id=\"0b9f592\" data-element_type=\"container\">\n\t\t<a class=\"elementor-element elementor-element-9d57c6a e-con-full poles_div e-flex elementor-invisible e-con e-child\" data-id=\"9d57c6a\" data-element_type=\"container\" data-settings=\"{&quot;animation&quot;:&quot;fadeInRight&quot;,&quot;background_background&quot;:&quot;classic&quot;}\" href=\"https:\/\/exmc.pt\/centro-de-estudo-desenvolvimento-testes-e-validacao\/\">\n\t\t<div class=\"elementor-element elementor-element-39da2c4 e-con-full e-flex e-con e-child\" data-id=\"39da2c4\" data-element_type=\"container\" data-settings=\"{&quot;background_background&quot;:&quot;classic&quot;}\">\n\t\t\t\t<\/div>\n\t\t<div class=\"elementor-element elementor-element-3591391 e-con-full e-flex e-con e-child\" data-id=\"3591391\" data-element_type=\"container\" data-settings=\"{&quot;background_background&quot;:&quot;classic&quot;}\">\n\t\t\t\t<div class=\"elementor-element elementor-element-687649e elementor-widget-mobile__width-initial elementor-widget elementor-widget-heading\" data-id=\"687649e\" data-element_type=\"widget\" data-widget_type=\"heading.default\">\n\t\t\t\t<div class=\"elementor-widget-container\">\n\t\t\t\t\t<h2 class=\"elementor-heading-title elementor-size-default\">Research, Development, Testing &amp; Acceptance Department,<\/h2>\t\t\t\t<\/div>\n\t\t\t\t<\/div>\n\t\t\t\t<\/div>\n\t\t\t\t<\/a>\n\t\t<a class=\"elementor-element elementor-element-dbe0e6a e-con-full poles_div e-flex elementor-invisible e-con e-child\" data-id=\"dbe0e6a\" data-element_type=\"container\" data-settings=\"{&quot;animation&quot;:&quot;fadeInRight&quot;,&quot;background_background&quot;:&quot;classic&quot;}\" href=\"https:\/\/exmc.pt\/centro-de-cloud-ciberseguranca-e-dados\/\">\n\t\t<div class=\"elementor-element elementor-element-f0df840 e-con-full e-flex e-con e-child\" data-id=\"f0df840\" data-element_type=\"container\" data-settings=\"{&quot;background_background&quot;:&quot;classic&quot;}\">\n\t\t\t\t<\/div>\n\t\t<div class=\"elementor-element elementor-element-fa07b5a e-con-full e-flex e-con e-child\" data-id=\"fa07b5a\" data-element_type=\"container\" data-settings=\"{&quot;background_background&quot;:&quot;classic&quot;}\">\n\t\t\t\t<div class=\"elementor-element elementor-element-3051e67 elementor-widget-mobile__width-inherit elementor-widget elementor-widget-heading\" data-id=\"3051e67\" data-element_type=\"widget\" data-widget_type=\"heading.default\">\n\t\t\t\t<div class=\"elementor-widget-container\">\n\t\t\t\t\t<h2 class=\"elementor-heading-title elementor-size-default\">P\u00f4le Cloud,<br>Cybers\u00e9curit\u00e9 Data Center<br><span style=\"color:white\">...<\/span><\/h2>\t\t\t\t<\/div>\n\t\t\t\t<\/div>\n\t\t\t\t<\/div>\n\t\t\t\t<\/a>\n\t\t\t\t<\/div>\n\t\t<div class=\"elementor-element elementor-element-0190cf9 e-con-full e-flex e-con e-child\" data-id=\"0190cf9\" data-element_type=\"container\">\n\t\t<a class=\"elementor-element elementor-element-192cf46 e-con-full poles_div e-flex elementor-invisible e-con e-child\" data-id=\"192cf46\" data-element_type=\"container\" data-settings=\"{&quot;animation&quot;:&quot;fadeInRight&quot;,&quot;background_background&quot;:&quot;classic&quot;}\" href=\"https:\/\/exmc.pt\/gestao-e-transformacao\/\">\n\t\t<div class=\"elementor-element elementor-element-3249da6 e-con-full e-flex e-con e-child\" data-id=\"3249da6\" data-element_type=\"container\" data-settings=\"{&quot;background_background&quot;:&quot;classic&quot;}\">\n\t\t\t\t<\/div>\n\t\t<div class=\"elementor-element elementor-element-5f97e6e e-con-full e-flex e-con e-child\" data-id=\"5f97e6e\" data-element_type=\"container\" data-settings=\"{&quot;background_background&quot;:&quot;classic&quot;}\">\n\t\t\t\t<div class=\"elementor-element elementor-element-1364f2f elementor-widget-mobile__width-initial elementor-widget elementor-widget-heading\" data-id=\"1364f2f\" data-element_type=\"widget\" data-widget_type=\"heading.default\">\n\t\t\t\t<div class=\"elementor-widget-container\">\n\t\t\t\t\t<h2 class=\"elementor-heading-title elementor-size-default\">Steering &amp; <br>Transformation<br><span style=\"color:white\">...<\/span>\t\n<\/h2>\t\t\t\t<\/div>\n\t\t\t\t<\/div>\n\t\t\t\t<\/div>\n\t\t\t\t<\/a>\n\t\t<a class=\"elementor-element elementor-element-0c63681 e-con-full poles_div e-flex elementor-invisible e-con e-child\" data-id=\"0c63681\" data-element_type=\"container\" data-settings=\"{&quot;animation&quot;:&quot;fadeInRight&quot;,&quot;background_background&quot;:&quot;classic&quot;}\" href=\"https:\/\/exmc.pt\/centro-de-infraestrutura-e-operacoes\/\">\n\t\t<div class=\"elementor-element elementor-element-41d488a e-con-full e-flex e-con e-child\" data-id=\"41d488a\" data-element_type=\"container\" data-settings=\"{&quot;background_background&quot;:&quot;classic&quot;}\">\n\t\t\t\t<\/div>\n\t\t<div class=\"elementor-element elementor-element-8c19978 e-con-full e-flex e-con e-child\" data-id=\"8c19978\" data-element_type=\"container\" data-settings=\"{&quot;background_background&quot;:&quot;classic&quot;}\">\n\t\t\t\t<div class=\"elementor-element elementor-element-56a6433 elementor-widget-mobile__width-initial elementor-widget elementor-widget-heading\" data-id=\"56a6433\" data-element_type=\"widget\" data-widget_type=\"heading.default\">\n\t\t\t\t<div class=\"elementor-widget-container\">\n\t\t\t\t\t<h2 class=\"elementor-heading-title elementor-size-default\">Infrastructure &amp; Operations Center<br><span style=\"color:white\">...<\/span><\/h2>\t\t\t\t<\/div>\n\t\t\t\t<\/div>\n\t\t\t\t<\/div>\n\t\t\t\t<\/a>\n\t\t\t\t<\/div>\n\t\t\t\t\t<\/div>\n\t\t\t\t<\/div>\n\t\t<div class=\"elementor-element elementor-element-2bbe7dc elementor-hidden-tablet elementor-hidden-mobile e-flex e-con-boxed e-con e-parent\" data-id=\"2bbe7dc\" data-element_type=\"container\" data-settings=\"{&quot;background_background&quot;:&quot;video&quot;,&quot;background_video_link&quot;:&quot;https:\\\/\\\/exmc.pt\\\/wp-content\\\/uploads\\\/2024\\\/11\\\/exmc-back-ground.mp4&quot;}\">\n\t\t\t\t\t<div class=\"e-con-inner\">\n\t\t<div class=\"elementor-background-video-container elementor-hidden-mobile\">\n\t\t\t\t\t\t\t<video class=\"elementor-background-video-hosted\" autoplay muted playsinline loop><\/video>\n\t\t\t\t\t<\/div><a class=\"elementor-element elementor-element-ed0736e e-con-full poles_div e-flex elementor-invisible e-con e-child\" data-id=\"ed0736e\" data-element_type=\"container\" data-settings=\"{&quot;animation&quot;:&quot;fadeInRight&quot;,&quot;background_background&quot;:&quot;classic&quot;}\" href=\"https:\/\/exmc.pt\/centro-de-estudo-desenvolvimento-testes-e-validacao\/\">\n\t\t<div class=\"elementor-element elementor-element-a7ec02c e-con-full e-flex e-con e-child\" data-id=\"a7ec02c\" data-element_type=\"container\" data-settings=\"{&quot;background_background&quot;:&quot;classic&quot;}\">\n\t\t\t\t<\/div>\n\t\t<div class=\"elementor-element elementor-element-3fab24e e-con-full e-flex e-con e-child\" data-id=\"3fab24e\" data-element_type=\"container\" data-settings=\"{&quot;background_background&quot;:&quot;classic&quot;}\">\n\t\t\t\t<div class=\"elementor-element elementor-element-d02b109 elementor-widget elementor-widget-heading\" data-id=\"d02b109\" data-element_type=\"widget\" data-widget_type=\"heading.default\">\n\t\t\t\t<div class=\"elementor-widget-container\">\n\t\t\t\t\t<h2 class=\"elementor-heading-title elementor-size-default\">Development, Testing and Validation Study Center\n<\/h2>\t\t\t\t<\/div>\n\t\t\t\t<\/div>\n\t\t\t\t<\/div>\n\t\t\t\t<\/a>\n\t\t<a class=\"elementor-element elementor-element-6e16cd0 e-con-full poles_div e-flex elementor-invisible e-con e-child\" data-id=\"6e16cd0\" data-element_type=\"container\" data-settings=\"{&quot;animation&quot;:&quot;fadeInRight&quot;,&quot;background_background&quot;:&quot;classic&quot;}\" href=\"https:\/\/exmc.pt\/centro-de-infraestrutura-e-operacoes\/\">\n\t\t<div class=\"elementor-element elementor-element-ff8c0a8 e-con-full e-flex e-con e-child\" data-id=\"ff8c0a8\" data-element_type=\"container\" data-settings=\"{&quot;background_background&quot;:&quot;classic&quot;}\">\n\t\t\t\t<\/div>\n\t\t<div class=\"elementor-element elementor-element-91c9540 e-con-full e-flex e-con e-child\" data-id=\"91c9540\" data-element_type=\"container\" data-settings=\"{&quot;background_background&quot;:&quot;classic&quot;}\">\n\t\t\t\t<div class=\"elementor-element elementor-element-ff47b12 elementor-widget elementor-widget-heading\" data-id=\"ff47b12\" data-element_type=\"widget\" data-widget_type=\"heading.default\">\n\t\t\t\t<div class=\"elementor-widget-container\">\n\t\t\t\t\t<h2 class=\"elementor-heading-title elementor-size-default\">Infrastructure and Operations Center\n<span style=\"color:#F6F5F7\">...<\/span><\/h2>\t\t\t\t<\/div>\n\t\t\t\t<\/div>\n\t\t\t\t<\/div>\n\t\t\t\t<\/a>\n\t\t<a class=\"elementor-element elementor-element-f85e712 e-con-full poles_div e-flex elementor-invisible e-con e-child\" data-id=\"f85e712\" data-element_type=\"container\" data-settings=\"{&quot;animation&quot;:&quot;fadeInRight&quot;,&quot;background_background&quot;:&quot;classic&quot;}\" href=\"https:\/\/exmc.pt\/centro-de-cloud-ciberseguranca-e-dados\/\">\n\t\t<div class=\"elementor-element elementor-element-8962191 e-con-full e-flex e-con e-child\" data-id=\"8962191\" data-element_type=\"container\" data-settings=\"{&quot;background_background&quot;:&quot;classic&quot;}\">\n\t\t\t\t<\/div>\n\t\t<div class=\"elementor-element elementor-element-e9a9093 e-con-full e-flex e-con e-child\" data-id=\"e9a9093\" data-element_type=\"container\" data-settings=\"{&quot;background_background&quot;:&quot;classic&quot;}\">\n\t\t\t\t<div class=\"elementor-element elementor-element-00f15ec elementor-widget elementor-widget-heading\" data-id=\"00f15ec\" data-element_type=\"widget\" data-widget_type=\"heading.default\">\n\t\t\t\t<div class=\"elementor-widget-container\">\n\t\t\t\t\t<h2 class=\"elementor-heading-title elementor-size-default\">Cloud Cybersecurity &amp; Data Division\n<\/h2>\t\t\t\t<\/div>\n\t\t\t\t<\/div>\n\t\t\t\t<\/div>\n\t\t\t\t<\/a>\n\t\t<a class=\"elementor-element elementor-element-82bff8d e-con-full poles_div e-flex elementor-invisible e-con e-child\" data-id=\"82bff8d\" data-element_type=\"container\" data-settings=\"{&quot;animation&quot;:&quot;fadeInRight&quot;,&quot;background_background&quot;:&quot;classic&quot;}\" href=\"https:\/\/exmc.pt\/gestao-e-transformacao\/\">\n\t\t<div class=\"elementor-element elementor-element-1791f92 e-con-full e-flex e-con e-child\" data-id=\"1791f92\" data-element_type=\"container\" data-settings=\"{&quot;background_background&quot;:&quot;classic&quot;}\">\n\t\t\t\t<\/div>\n\t\t<div class=\"elementor-element elementor-element-be776a5 e-con-full e-flex e-con e-child\" data-id=\"be776a5\" data-element_type=\"container\" data-settings=\"{&quot;background_background&quot;:&quot;classic&quot;}\">\n\t\t\t\t<div class=\"elementor-element elementor-element-63d7fd9 elementor-widget elementor-widget-heading\" data-id=\"63d7fd9\" data-element_type=\"widget\" data-widget_type=\"heading.default\">\n\t\t\t\t<div class=\"elementor-widget-container\">\n\t\t\t\t\t<h2 class=\"elementor-heading-title elementor-size-default\">Steering &amp;Transformation <span style=\"color:#F6F5F7\">...<\/span>\t\n<\/h2>\t\t\t\t<\/div>\n\t\t\t\t<\/div>\n\t\t\t\t<\/div>\n\t\t\t\t<\/a>\n\t\t\t\t\t<\/div>\n\t\t\t\t<\/div>\n\t\t\t\t<\/div>\n\t\t","protected":false},"excerpt":{"rendered":"<p>OUR CLIENTS RELATIONSHIPS OF TRUST BASED ON LISTENING, ADAPTABILITY AND EFFICIENCY Trusting relationships based on attentiveness, adaptability and efficiency at EXMC, our mission is to support our customers in their digital transformations by providing them with the technical and human skills they need to make their projects a success. Our teams, made up of committed [&hellip;]<\/p>\n","protected":false},"author":1,"featured_media":0,"parent":0,"menu_order":0,"comment_status":"closed","ping_status":"closed","template":"","meta":{"footnotes":""},"class_list":["post-5223","page","type-page","status-publish","hentry"],"_links":{"self":[{"href":"https:\/\/exmc.pt\/en\/wp-json\/wp\/v2\/pages\/5223","targetHints":{"allow":["GET"]}}],"collection":[{"href":"https:\/\/exmc.pt\/en\/wp-json\/wp\/v2\/pages"}],"about":[{"href":"https:\/\/exmc.pt\/en\/wp-json\/wp\/v2\/types\/page"}],"author":[{"embeddable":true,"href":"https:\/\/exmc.pt\/en\/wp-json\/wp\/v2\/users\/1"}],"replies":[{"embeddable":true,"href":"https:\/\/exmc.pt\/en\/wp-json\/wp\/v2\/comments?post=5223"}],"version-history":[{"count":25,"href":"https:\/\/exmc.pt\/en\/wp-json\/wp\/v2\/pages\/5223\/revisions"}],"predecessor-version":[{"id":7342,"href":"https:\/\/exmc.pt\/en\/wp-json\/wp\/v2\/pages\/5223\/revisions\/7342"}],"wp:attachment":[{"href":"https:\/\/exmc.pt\/en\/wp-json\/wp\/v2\/media?parent=5223"}],"curies":[{"name":"wp","href":"https:\/\/api.w.org\/{rel}","templated":true}]}}